{"id":1990,"date":"2025-12-16T20:34:24","date_gmt":"2025-12-16T20:34:24","guid":{"rendered":"https:\/\/maliyo.thelearnyway.com\/?page_id=1990"},"modified":"2025-12-17T18:34:59","modified_gmt":"2025-12-17T18:34:59","slug":"faqs","status":"publish","type":"page","link":"https:\/\/maliyo.thelearnyway.com\/tr\/faqs\/","title":{"rendered":"SSS"},"content":{"rendered":"<div data-elementor-type=\"wp-page\" data-elementor-id=\"1990\" class=\"elementor elementor-1990\">\n\t\t\t\t<div data-event_function=\"{&quot;tween&quot;:&quot;to&quot;}\" class=\"eael_smooth_animation eael-section-particles-ba1a674 elementor-element elementor-element-ba1a674 e-flex e-con-boxed wpr-particle-no wpr-jarallax-no wpr-parallax-no wpr-sticky-section-no wpr-equal-height-no e-con e-parent\" data-particle_enable=\"true\" data-eael_ptheme_source=\"presets\" data-preset_theme=\"nasa\" data-custom_style=\"\" data-particle_opacity=\"0.5\" data-particle_speed=\"6\" data-particle-mobile-disabled=\"false\" data-id=\"ba1a674\" data-element_type=\"container\" data-e-type=\"container\" data-settings=\"{&quot;background_background&quot;:&quot;gradient&quot;}\">\n\t\t\t\t\t<div class=\"e-con-inner\">\n\t\t\t\t<div class=\"elementor-element elementor-element-a8a4003 uael-faq-box-layout-yes align-at-left elementor-widget elementor-widget-uael-faq\" data-id=\"a8a4003\" data-element_type=\"widget\" data-e-type=\"widget\" data-widget_type=\"uael-faq.default\">\n\t\t\t\t<div class=\"elementor-widget-container\">\n\t\t\t\t\t\n\t\t\t<div id='uael-faq-wrapper-176' class=\"uael-faq-wrapper\">\n\t\t\t\t<div class=\"uael-faq-container uael-faq-layout-accordion\" data-layout=\"toggle\" >\n\t\t\t\t\t\t\t\t\t\t\t\t<div id=\"uael-accordion-a56e392\" class=\"uael-faq-accordion\" role=\"tablist\">\n\t\t\t\t\t\t\t\t<div class= \"uael-accordion-title\" aria-expanded=\"false\" role=\"tab\">\n\t\t\t\t\t\t\t\t\t<span class=\"uael-accordion-icon uael-accordion-icon-left\">\n\t\t\t\t\t\t\t\t\t\t<span class=\"uael-accordion-icon-closed\"><i class=\"fas fa-angle-right\"><\/i><\/span>\n\t\t\t\t\t\t\t\t\t\t<span class=\"uael-accordion-icon-opened\"><i class=\"fas fa-angle-up\"><\/i><\/span>\n\t\t\t\t\t\t\t\t\t<\/span>\n\t\t\t\t\t\t\t\t\t<span class=\"uael-question-a56e392 uael-question-span\" tabindex=\"0\" id=\"uael-faq-1-6a038751f1e77\">1. ERP sistemi nedir ve i\u015fletmeme nas\u0131l fayda sa\u011flar?<\/span>\n\t\t\t\t\t\t\t\t<\/div>\n\t\t\t\t\t\t\t\t<div class=\"uael-accordion-content\" role=\"tabpanel\">\n\t\t\t\t\t\t\t\t\t<span>\n\t\t\t\t\t\t\t\t\t<span><p data-start=\"266\" data-end=\"529\">ERP sistemi; finans, stok, sat\u0131\u015f, insan kaynaklar\u0131 ve raporlama gibi temel i\u015f s\u00fcre\u00e7lerinizi tek bir entegre platformda birle\u015ftirerek verimlili\u011fi art\u0131r\u0131r, hatalar\u0131 azalt\u0131r ve daha do\u011fru kararlar alman\u0131z\u0131 sa\u011flar.<\/p><\/span>\t\t\t\t\t\t\t\t\t<\/span>\n\t\t\t\t\t\t\t\t<\/div>\n\t\t\t\t\t\t\t<\/div>\n\t\t\t\t\t\t\t\t\t\t\t\t\t\t<div id=\"uael-accordion-f26f3bf\" class=\"uael-faq-accordion\" role=\"tablist\">\n\t\t\t\t\t\t\t\t<div class= \"uael-accordion-title\" aria-expanded=\"false\" role=\"tab\">\n\t\t\t\t\t\t\t\t\t<span class=\"uael-accordion-icon uael-accordion-icon-left\">\n\t\t\t\t\t\t\t\t\t\t<span class=\"uael-accordion-icon-closed\"><i class=\"fas fa-angle-right\"><\/i><\/span>\n\t\t\t\t\t\t\t\t\t\t<span class=\"uael-accordion-icon-opened\"><i class=\"fas fa-angle-up\"><\/i><\/span>\n\t\t\t\t\t\t\t\t\t<\/span>\n\t\t\t\t\t\t\t\t\t<span class=\"uael-question-f26f3bf uael-question-span\" tabindex=\"0\" id=\"uael-faq-2-6a038751f1ea9\">2. Tamamen \u00f6zelle\u015ftirilmi\u015f ERP \u00e7\u00f6z\u00fcmleri sunuyor musunuz?<\/span>\n\t\t\t\t\t\t\t\t<\/div>\n\t\t\t\t\t\t\t\t<div class=\"uael-accordion-content\" role=\"tabpanel\">\n\t\t\t\t\t\t\t\t\t<span>\n\t\t\t\t\t\t\t\t\t<span><p data-start=\"531\" data-end=\"756\">Evet. \u0130\u015f ak\u0131\u015flar\u0131n\u0131za, sekt\u00f6r gereksinimlerinize ve operasyonel hedeflerinize \u00f6zel olarak tasarlanm\u0131\u015f ERP sistemleri geli\u015ftiriyoruz. Genel \u015fablonlar kullanm\u0131yoruz.<\/p><\/span>\t\t\t\t\t\t\t\t\t<\/span>\n\t\t\t\t\t\t\t\t<\/div>\n\t\t\t\t\t\t\t<\/div>\n\t\t\t\t\t\t\t\t\t\t\t\t\t\t<div id=\"uael-accordion-56a1800\" class=\"uael-faq-accordion\" role=\"tablist\">\n\t\t\t\t\t\t\t\t<div class= \"uael-accordion-title\" aria-expanded=\"false\" role=\"tab\">\n\t\t\t\t\t\t\t\t\t<span class=\"uael-accordion-icon uael-accordion-icon-left\">\n\t\t\t\t\t\t\t\t\t\t<span class=\"uael-accordion-icon-closed\"><i class=\"fas fa-angle-right\"><\/i><\/span>\n\t\t\t\t\t\t\t\t\t\t<span class=\"uael-accordion-icon-opened\"><i class=\"fas fa-angle-up\"><\/i><\/span>\n\t\t\t\t\t\t\t\t\t<\/span>\n\t\t\t\t\t\t\t\t\t<span class=\"uael-question-56a1800 uael-question-span\" tabindex=\"0\" id=\"uael-faq-3-6a038751f1ec7\">3. \u00d6zel bir ERP sisteminin kurulumu ne kadar s\u00fcrer?<\/span>\n\t\t\t\t\t\t\t\t<\/div>\n\t\t\t\t\t\t\t\t<div class=\"uael-accordion-content\" role=\"tabpanel\">\n\t\t\t\t\t\t\t\t\t<span>\n\t\t\t\t\t\t\t\t\t<span><p data-start=\"758\" data-end=\"994\">Kurulum s\u00fcresi, projenin kapsam\u0131na ve karma\u015f\u0131kl\u0131\u011f\u0131na ba\u011fl\u0131 olarak de\u011fi\u015fir. Ancak t\u00fcm projeler, istikrar ve \u00f6l\u00e7eklenebilirlik sa\u011flamak i\u00e7in planl\u0131 a\u015famalar halinde hayata ge\u00e7irilir.<\/p><\/span>\t\t\t\t\t\t\t\t\t<\/span>\n\t\t\t\t\t\t\t\t<\/div>\n\t\t\t\t\t\t\t<\/div>\n\t\t\t\t\t\t\t\t\t\t\t\t\t\t<div id=\"uael-accordion-ad4c9cb\" class=\"uael-faq-accordion\" role=\"tablist\">\n\t\t\t\t\t\t\t\t<div class= \"uael-accordion-title\" aria-expanded=\"false\" role=\"tab\">\n\t\t\t\t\t\t\t\t\t<span class=\"uael-accordion-icon uael-accordion-icon-left\">\n\t\t\t\t\t\t\t\t\t\t<span class=\"uael-accordion-icon-closed\"><i class=\"fas fa-angle-right\"><\/i><\/span>\n\t\t\t\t\t\t\t\t\t\t<span class=\"uael-accordion-icon-opened\"><i class=\"fas fa-angle-up\"><\/i><\/span>\n\t\t\t\t\t\t\t\t\t<\/span>\n\t\t\t\t\t\t\t\t\t<span class=\"uael-question-ad4c9cb uael-question-span\" tabindex=\"0\" id=\"uael-faq-4-6a038751f1ee6\">4. ERP sistemi mevcut yaz\u0131l\u0131mlar\u0131m\u0131zla entegre edilebilir mi?<\/span>\n\t\t\t\t\t\t\t\t<\/div>\n\t\t\t\t\t\t\t\t<div class=\"uael-accordion-content\" role=\"tabpanel\">\n\t\t\t\t\t\t\t\t\t<span>\n\t\t\t\t\t\t\t\t\t<span><p data-start=\"996\" data-end=\"1222\">Kesinlikle. ERP \u00e7\u00f6z\u00fcmlerimiz; muhasebe yaz\u0131l\u0131mlar\u0131, e-ticaret platformlar\u0131, CRM sistemleri ve \u00fc\u00e7\u00fcnc\u00fc taraf API\u2019lerle sorunsuz entegrasyon sa\u011flar.<\/p><\/span>\t\t\t\t\t\t\t\t\t<\/span>\n\t\t\t\t\t\t\t\t<\/div>\n\t\t\t\t\t\t\t<\/div>\n\t\t\t\t\t\t\t\t\t\t\t\t\t\t<div id=\"uael-accordion-f9cb6a7\" class=\"uael-faq-accordion\" role=\"tablist\">\n\t\t\t\t\t\t\t\t<div class= \"uael-accordion-title\" aria-expanded=\"false\" role=\"tab\">\n\t\t\t\t\t\t\t\t\t<span class=\"uael-accordion-icon uael-accordion-icon-left\">\n\t\t\t\t\t\t\t\t\t\t<span class=\"uael-accordion-icon-closed\"><i class=\"fas fa-angle-right\"><\/i><\/span>\n\t\t\t\t\t\t\t\t\t\t<span class=\"uael-accordion-icon-opened\"><i class=\"fas fa-angle-up\"><\/i><\/span>\n\t\t\t\t\t\t\t\t\t<\/span>\n\t\t\t\t\t\t\t\t\t<span class=\"uael-question-f9cb6a7 uael-question-span\" tabindex=\"0\" id=\"uael-faq-5-6a038751f1f02\">5. ERP sistemi i\u015fletmem b\u00fcy\u00fcd\u00fck\u00e7e \u00f6l\u00e7eklenebilir mi?<\/span>\n\t\t\t\t\t\t\t\t<\/div>\n\t\t\t\t\t\t\t\t<div class=\"uael-accordion-content\" role=\"tabpanel\">\n\t\t\t\t\t\t\t\t\t<span>\n\t\t\t\t\t\t\t\t\t<span><p data-start=\"1224\" data-end=\"1428\">Evet. ERP sistemlerimiz, i\u015fletmenizin b\u00fcy\u00fcmesine paralel olarak yeni kullan\u0131c\u0131lar, mod\u00fcller ve \u00f6zellikler eklenebilecek \u015fekilde tasarlanm\u0131\u015ft\u0131r.<\/p><\/span>\t\t\t\t\t\t\t\t\t<\/span>\n\t\t\t\t\t\t\t\t<\/div>\n\t\t\t\t\t\t\t<\/div>\n\t\t\t\t\t\t\t\t\t\t\t\t\t\t<div id=\"uael-accordion-6ecf4df\" class=\"uael-faq-accordion\" role=\"tablist\">\n\t\t\t\t\t\t\t\t<div class= \"uael-accordion-title\" aria-expanded=\"false\" role=\"tab\">\n\t\t\t\t\t\t\t\t\t<span class=\"uael-accordion-icon uael-accordion-icon-left\">\n\t\t\t\t\t\t\t\t\t\t<span class=\"uael-accordion-icon-closed\"><i class=\"fas fa-angle-right\"><\/i><\/span>\n\t\t\t\t\t\t\t\t\t\t<span class=\"uael-accordion-icon-opened\"><i class=\"fas fa-angle-up\"><\/i><\/span>\n\t\t\t\t\t\t\t\t\t<\/span>\n\t\t\t\t\t\t\t\t\t<span class=\"uael-question-6ecf4df uael-question-span\" tabindex=\"0\" id=\"uael-faq-6-6a038751f1f1d\">6. Hangi sekt\u00f6rlere hizmet veriyorsunuz?<\/span>\n\t\t\t\t\t\t\t\t<\/div>\n\t\t\t\t\t\t\t\t<div class=\"uael-accordion-content\" role=\"tabpanel\">\n\t\t\t\t\t\t\t\t\t<span>\n\t\t\t\t\t\t\t\t\t<span><p data-start=\"1430\" data-end=\"1618\">\u00dcretim, perakende, e-ticaret, lojistik, finans ve hizmet sekt\u00f6rleri ba\u015fta olmak \u00fczere bir\u00e7ok farkl\u0131 sekt\u00f6rde faaliyet g\u00f6steren i\u015fletmelerle \u00e7al\u0131\u015f\u0131yoruz.<\/p><\/span>\t\t\t\t\t\t\t\t\t<\/span>\n\t\t\t\t\t\t\t\t<\/div>\n\t\t\t\t\t\t\t<\/div>\n\t\t\t\t\t\t\t\t\t\t\t\t\t\t<div id=\"uael-accordion-0a3c63d\" class=\"uael-faq-accordion\" role=\"tablist\">\n\t\t\t\t\t\t\t\t<div class= \"uael-accordion-title\" aria-expanded=\"false\" role=\"tab\">\n\t\t\t\t\t\t\t\t\t<span class=\"uael-accordion-icon uael-accordion-icon-left\">\n\t\t\t\t\t\t\t\t\t\t<span class=\"uael-accordion-icon-closed\"><i class=\"fas fa-angle-right\"><\/i><\/span>\n\t\t\t\t\t\t\t\t\t\t<span class=\"uael-accordion-icon-opened\"><i class=\"fas fa-angle-up\"><\/i><\/span>\n\t\t\t\t\t\t\t\t\t<\/span>\n\t\t\t\t\t\t\t\t\t<span class=\"uael-question-0a3c63d uael-question-span\" tabindex=\"0\" id=\"uael-faq-7-6a038751f1f3b\">7. ERP sistemi ne kadar g\u00fcvenlidir?<\/span>\n\t\t\t\t\t\t\t\t<\/div>\n\t\t\t\t\t\t\t\t<div class=\"uael-accordion-content\" role=\"tabpanel\">\n\t\t\t\t\t\t\t\t\t<span>\n\t\t\t\t\t\t\t\t\t<span><p data-start=\"1620\" data-end=\"1831\">G\u00fcvenlik en \u00f6nemli \u00f6nceliklerimizden biridir. Sistemlerimiz; rol bazl\u0131 yetkilendirme, veri \u015fifreleme, g\u00fcvenli kimlik do\u011frulama ve sekt\u00f6r standartlar\u0131na uygun g\u00fcvenlik \u00f6nlemleri i\u00e7erir.<\/p><\/span>\t\t\t\t\t\t\t\t\t<\/span>\n\t\t\t\t\t\t\t\t<\/div>\n\t\t\t\t\t\t\t<\/div>\n\t\t\t\t\t\t\t\t\t\t\t\t\t\t<div id=\"uael-accordion-6f7ca6d\" class=\"uael-faq-accordion\" role=\"tablist\">\n\t\t\t\t\t\t\t\t<div class= \"uael-accordion-title\" aria-expanded=\"false\" role=\"tab\">\n\t\t\t\t\t\t\t\t\t<span class=\"uael-accordion-icon uael-accordion-icon-left\">\n\t\t\t\t\t\t\t\t\t\t<span class=\"uael-accordion-icon-closed\"><i class=\"fas fa-angle-right\"><\/i><\/span>\n\t\t\t\t\t\t\t\t\t\t<span class=\"uael-accordion-icon-opened\"><i class=\"fas fa-angle-up\"><\/i><\/span>\n\t\t\t\t\t\t\t\t\t<\/span>\n\t\t\t\t\t\t\t\t\t<span class=\"uael-question-6f7ca6d uael-question-span\" tabindex=\"0\" id=\"uael-faq-8-6a038751f1f55\">8. Kurulum sonras\u0131 e\u011fitim ve destek sa\u011fl\u0131yor musunuz?<\/span>\n\t\t\t\t\t\t\t\t<\/div>\n\t\t\t\t\t\t\t\t<div class=\"uael-accordion-content\" role=\"tabpanel\">\n\t\t\t\t\t\t\t\t\t<span>\n\t\t\t\t\t\t\t\t\t<span><p data-start=\"1833\" data-end=\"2026\">Evet. Kullan\u0131c\u0131 e\u011fitimleri, dok\u00fcmantasyon ve s\u00fcrekli teknik destek sunarak sistemin sorunsuz \u015fekilde kullan\u0131lmas\u0131n\u0131 sa\u011fl\u0131yoruz.<\/p><\/span>\t\t\t\t\t\t\t\t\t<\/span>\n\t\t\t\t\t\t\t\t<\/div>\n\t\t\t\t\t\t\t<\/div>\n\t\t\t\t\t\t\t\t\t\t\t\t\t\t<div id=\"uael-accordion-7d37ee0\" class=\"uael-faq-accordion\" role=\"tablist\">\n\t\t\t\t\t\t\t\t<div class= \"uael-accordion-title\" aria-expanded=\"false\" role=\"tab\">\n\t\t\t\t\t\t\t\t\t<span class=\"uael-accordion-icon uael-accordion-icon-left\">\n\t\t\t\t\t\t\t\t\t\t<span class=\"uael-accordion-icon-closed\"><i class=\"fas fa-angle-right\"><\/i><\/span>\n\t\t\t\t\t\t\t\t\t\t<span class=\"uael-accordion-icon-opened\"><i class=\"fas fa-angle-up\"><\/i><\/span>\n\t\t\t\t\t\t\t\t\t<\/span>\n\t\t\t\t\t\t\t\t\t<span class=\"uael-question-7d37ee0 uael-question-span\" tabindex=\"0\" id=\"uael-faq-9-6a038751f1f70\">9. ERP sistemine uzaktan eri\u015fim m\u00fcmk\u00fcn m\u00fc?<\/span>\n\t\t\t\t\t\t\t\t<\/div>\n\t\t\t\t\t\t\t\t<div class=\"uael-accordion-content\" role=\"tabpanel\">\n\t\t\t\t\t\t\t\t\t<span>\n\t\t\t\t\t\t\t\t\t<span><p data-start=\"2028\" data-end=\"2208\">Evet. ERP \u00e7\u00f6z\u00fcmlerimiz web tabanl\u0131d\u0131r ve g\u00fcvenli bir \u015fekilde her yerden eri\u015filebilir. Bu sayede uzaktan \u00e7al\u0131\u015fma ve \u00e7ok lokasyonlu operasyonlar desteklenir.<\/p><\/span>\t\t\t\t\t\t\t\t\t<\/span>\n\t\t\t\t\t\t\t\t<\/div>\n\t\t\t\t\t\t\t<\/div>\n\t\t\t\t\t\t\t\t\t\t\t\t\t\t<div id=\"uael-accordion-c119da8\" class=\"uael-faq-accordion\" role=\"tablist\">\n\t\t\t\t\t\t\t\t<div class= \"uael-accordion-title\" aria-expanded=\"false\" role=\"tab\">\n\t\t\t\t\t\t\t\t\t<span class=\"uael-accordion-icon uael-accordion-icon-left\">\n\t\t\t\t\t\t\t\t\t\t<span class=\"uael-accordion-icon-closed\"><i class=\"fas fa-angle-right\"><\/i><\/span>\n\t\t\t\t\t\t\t\t\t\t<span class=\"uael-accordion-icon-opened\"><i class=\"fas fa-angle-up\"><\/i><\/span>\n\t\t\t\t\t\t\t\t\t<\/span>\n\t\t\t\t\t\t\t\t\t<span class=\"uael-question-c119da8 uael-question-span\" tabindex=\"0\" id=\"uael-faq-10-6a038751f1f87\">10. \u00d6zel ERP \u00e7\u00f6z\u00fcmlerinde fiyatland\u0131rma nas\u0131l belirlenir?<\/span>\n\t\t\t\t\t\t\t\t<\/div>\n\t\t\t\t\t\t\t\t<div class=\"uael-accordion-content\" role=\"tabpanel\">\n\t\t\t\t\t\t\t\t\t<span>\n\t\t\t\t\t\t\t\t\t<span><p data-start=\"2210\" data-end=\"2436\">Fiyatland\u0131rma; proje kapsam\u0131, ihtiya\u00e7 duyulan mod\u00fcller, entegrasyonlar ve \u00f6zelle\u015ftirme seviyesine g\u00f6re belirlenir. \u0130\u015fletmenize \u00f6zel bir teklif almak i\u00e7in bizimle ileti\u015fime ge\u00e7ebilirsiniz.<\/p><\/span>\t\t\t\t\t\t\t\t\t<\/span>\n\t\t\t\t\t\t\t\t<\/div>\n\t\t\t\t\t\t\t<\/div>\n\t\t\t\t\t\t\t\t\t\t\t\t\t\t<div id=\"uael-accordion-799f1c9\" class=\"uael-faq-accordion\" role=\"tablist\">\n\t\t\t\t\t\t\t\t<div class= \"uael-accordion-title\" aria-expanded=\"false\" role=\"tab\">\n\t\t\t\t\t\t\t\t\t<span class=\"uael-accordion-icon uael-accordion-icon-left\">\n\t\t\t\t\t\t\t\t\t\t<span class=\"uael-accordion-icon-closed\"><i class=\"fas fa-angle-right\"><\/i><\/span>\n\t\t\t\t\t\t\t\t\t\t<span class=\"uael-accordion-icon-opened\"><i class=\"fas fa-angle-up\"><\/i><\/span>\n\t\t\t\t\t\t\t\t\t<\/span>\n\t\t\t\t\t\t\t\t\t<span class=\"uael-question-799f1c9 uael-question-span\" tabindex=\"0\" id=\"uael-faq-11-6a038751f1f9c\">11. ERP sistemi k\u00fc\u00e7\u00fck ve orta \u00f6l\u00e7ekli i\u015fletmeler i\u00e7in uygun mudur?<\/span>\n\t\t\t\t\t\t\t\t<\/div>\n\t\t\t\t\t\t\t\t<div class=\"uael-accordion-content\" role=\"tabpanel\">\n\t\t\t\t\t\t\t\t\t<span>\n\t\t\t\t\t\t\t\t\t<span><p data-start=\"245\" data-end=\"482\">Evet. Modern ERP sistemleri, gereksiz karma\u015f\u0131kl\u0131k olmadan verimlili\u011fi art\u0131rmak isteyen KOB\u0130\u2019ler i\u00e7in esnek ve maliyet etkin \u015fekilde tasarlanm\u0131\u015ft\u0131r.<\/p><\/span>\t\t\t\t\t\t\t\t\t<\/span>\n\t\t\t\t\t\t\t\t<\/div>\n\t\t\t\t\t\t\t<\/div>\n\t\t\t\t\t\t\t\t\t\t\t\t\t\t<div id=\"uael-accordion-8654cf9\" class=\"uael-faq-accordion\" role=\"tablist\">\n\t\t\t\t\t\t\t\t<div class= \"uael-accordion-title\" aria-expanded=\"false\" role=\"tab\">\n\t\t\t\t\t\t\t\t\t<span class=\"uael-accordion-icon uael-accordion-icon-left\">\n\t\t\t\t\t\t\t\t\t\t<span class=\"uael-accordion-icon-closed\"><i class=\"fas fa-angle-right\"><\/i><\/span>\n\t\t\t\t\t\t\t\t\t\t<span class=\"uael-accordion-icon-opened\"><i class=\"fas fa-angle-up\"><\/i><\/span>\n\t\t\t\t\t\t\t\t\t<\/span>\n\t\t\t\t\t\t\t\t\t<span class=\"uael-question-8654cf9 uael-question-span\" tabindex=\"0\" id=\"uael-faq-12-6a038751f1fb8\">12. Temel mod\u00fcllerle ba\u015flay\u0131p daha sonra geni\u015fletebilir miyiz?<\/span>\n\t\t\t\t\t\t\t\t<\/div>\n\t\t\t\t\t\t\t\t<div class=\"uael-accordion-content\" role=\"tabpanel\">\n\t\t\t\t\t\t\t\t\t<span>\n\t\t\t\t\t\t\t\t\t<span><p data-start=\"484\" data-end=\"686\">Kesinlikle. KOB\u0130\u2019ler; muhasebe, stok ve sat\u0131\u015f gibi temel mod\u00fcllerle ba\u015flayabilir, i\u015fletme b\u00fcy\u00fcd\u00fck\u00e7e yeni mod\u00fcller ekleyebilir.<\/p><\/span>\t\t\t\t\t\t\t\t\t<\/span>\n\t\t\t\t\t\t\t\t<\/div>\n\t\t\t\t\t\t\t<\/div>\n\t\t\t\t\t\t\t\t\t\t\t\t\t\t<div id=\"uael-accordion-8589a9e\" class=\"uael-faq-accordion\" role=\"tablist\">\n\t\t\t\t\t\t\t\t<div class= \"uael-accordion-title\" aria-expanded=\"false\" role=\"tab\">\n\t\t\t\t\t\t\t\t\t<span class=\"uael-accordion-icon uael-accordion-icon-left\">\n\t\t\t\t\t\t\t\t\t\t<span class=\"uael-accordion-icon-closed\"><i class=\"fas fa-angle-right\"><\/i><\/span>\n\t\t\t\t\t\t\t\t\t\t<span class=\"uael-accordion-icon-opened\"><i class=\"fas fa-angle-up\"><\/i><\/span>\n\t\t\t\t\t\t\t\t\t<\/span>\n\t\t\t\t\t\t\t\t\t<span class=\"uael-question-8589a9e uael-question-span\" tabindex=\"0\" id=\"uael-faq-13-6a038751f1fd5\">13. ERP kurulumu g\u00fcnl\u00fck operasyonlar\u0131m\u0131z\u0131 aksat\u0131r m\u0131?<\/span>\n\t\t\t\t\t\t\t\t<\/div>\n\t\t\t\t\t\t\t\t<div class=\"uael-accordion-content\" role=\"tabpanel\">\n\t\t\t\t\t\t\t\t\t<span>\n\t\t\t\t\t\t\t\t\t<span><p data-start=\"688\" data-end=\"892\">ERP kurulum s\u00fcreci, operasyonlar\u0131 en az d\u00fczeyde etkileyecek \u015fekilde planlan\u0131r. \u00c7o\u011fu KOB\u0130, sistem a\u015famal\u0131 olarak devreye al\u0131n\u0131rken g\u00fcnl\u00fck faaliyetlerine devam edebilir.<\/p><\/span>\t\t\t\t\t\t\t\t\t<\/span>\n\t\t\t\t\t\t\t\t<\/div>\n\t\t\t\t\t\t\t<\/div>\n\t\t\t\t\t\t\t\t\t\t\t\t\t\t<div id=\"uael-accordion-08698e1\" class=\"uael-faq-accordion\" role=\"tablist\">\n\t\t\t\t\t\t\t\t<div class= \"uael-accordion-title\" aria-expanded=\"false\" role=\"tab\">\n\t\t\t\t\t\t\t\t\t<span class=\"uael-accordion-icon uael-accordion-icon-left\">\n\t\t\t\t\t\t\t\t\t\t<span class=\"uael-accordion-icon-closed\"><i class=\"fas fa-angle-right\"><\/i><\/span>\n\t\t\t\t\t\t\t\t\t\t<span class=\"uael-accordion-icon-opened\"><i class=\"fas fa-angle-up\"><\/i><\/span>\n\t\t\t\t\t\t\t\t\t<\/span>\n\t\t\t\t\t\t\t\t\t<span class=\"uael-question-08698e1 uael-question-span\" tabindex=\"0\" id=\"uael-faq-14-6a038751f1ff0\">14. ERP sistemini kullanmak i\u00e7in \u015firket i\u00e7inde bir IT ekibine ihtiya\u00e7 var m\u0131?<\/span>\n\t\t\t\t\t\t\t\t<\/div>\n\t\t\t\t\t\t\t\t<div class=\"uael-accordion-content\" role=\"tabpanel\">\n\t\t\t\t\t\t\t\t\t<span>\n\t\t\t\t\t\t\t\t\t<span><p data-start=\"894\" data-end=\"1109\">Hay\u0131r. ERP \u00e7\u00f6z\u00fcmlerimiz kullan\u0131c\u0131 dostudur ve teknik ekibimiz taraf\u0131ndan desteklenir. Bu sayede KOB\u0130\u2019ler, \u015firket i\u00e7i bir IT ekibine ihtiya\u00e7 duymadan sistemi kullanabilir.<\/p><\/span>\t\t\t\t\t\t\t\t\t<\/span>\n\t\t\t\t\t\t\t\t<\/div>\n\t\t\t\t\t\t\t<\/div>\n\t\t\t\t\t\t\t\t\t\t\t\t\t\t<div id=\"uael-accordion-05629c2\" class=\"uael-faq-accordion\" role=\"tablist\">\n\t\t\t\t\t\t\t\t<div class= \"uael-accordion-title\" aria-expanded=\"false\" role=\"tab\">\n\t\t\t\t\t\t\t\t\t<span class=\"uael-accordion-icon uael-accordion-icon-left\">\n\t\t\t\t\t\t\t\t\t\t<span class=\"uael-accordion-icon-closed\"><i class=\"fas fa-angle-right\"><\/i><\/span>\n\t\t\t\t\t\t\t\t\t\t<span class=\"uael-accordion-icon-opened\"><i class=\"fas fa-angle-up\"><\/i><\/span>\n\t\t\t\t\t\t\t\t\t<\/span>\n\t\t\t\t\t\t\t\t\t<span class=\"uael-question-05629c2 uael-question-span\" tabindex=\"0\" id=\"uael-faq-15-6a038751f2006\">15. ERP sistemi KOB\u0130\u2019ler i\u00e7in operasyonel maliyetleri nas\u0131l d\u00fc\u015f\u00fcr\u00fcr?<\/span>\n\t\t\t\t\t\t\t\t<\/div>\n\t\t\t\t\t\t\t\t<div class=\"uael-accordion-content\" role=\"tabpanel\">\n\t\t\t\t\t\t\t\t\t<span>\n\t\t\t\t\t\t\t\t\t<span><p data-start=\"1111\" data-end=\"1340\">S\u00fcre\u00e7leri otomatikle\u015ftirerek, manuel hatalar\u0131 azaltarak ve operasyonlar \u00fczerinde daha fazla g\u00f6r\u00fcn\u00fcrl\u00fck sa\u011flayarak ERP sistemleri maliyetleri kontrol alt\u0131na al\u0131r ve k\u00e2rl\u0131l\u0131\u011f\u0131 art\u0131r\u0131r.<\/p><\/span>\t\t\t\t\t\t\t\t\t<\/span>\n\t\t\t\t\t\t\t\t<\/div>\n\t\t\t\t\t\t\t<\/div>\n\t\t\t\t\t\t\t\t\t\t\t<\/div>\n\t\t\t<\/div>\n\t\t\t\t\t\t\t<\/div>\n\t\t\t\t<\/div>\n\t\t\t\t\t<\/div>\n\t\t\t\t<\/div>\n\t\t            <style>\n                .elementor-element-ba1a674.eael-particles-section > canvas {\n                    z-index: -1;\n                    position: absolute;\n                    top:0;\n                }\n            <\/style>\n        \t\t<\/div>","protected":false},"excerpt":{"rendered":"<p>1. What is an ERP system and how can it benefit my business? An ERP system centralizes your core business processes\u2014such as finance, inventory, sales, HR, and reporting\u2014into a single, integrated platform, improving efficiency, accuracy, and decision-making. 2. Do you offer fully customized ERP solutions? Yes. We design and develop ERP systems tailored specifically to your business workflows, industry requirements, and operational goals\u2014without relying on generic templates. 3. How long does it take to implement a custom ERP system? Implementation timelines vary based on scope and complexity, but most projects are delivered in structured phases to ensure stability, scalability, and minimal disruption. 4. Can the ERP system integrate with our existing software? Absolutely. Our solutions support seamless integration with third-party systems such as accounting software, e-commerce platforms, CRM tools, and external APIs. 5. Is the ERP system scalable as our business grows? Yes. Our ERP solutions are designed to scale alongside your business, allowing new users, modules, and features to be added as your needs evolve. 6. What industries do you serve? We work with businesses across multiple industries, including manufacturing, retail, e-commerce, logistics, finance, and service-based organizations. 7. How secure is the ERP system? Security is a top priority. Our systems include role-based access control, data encryption, secure authentication, and compliance with industry-standard security practices. 8. Will you provide training and support after implementation? Yes. We provide user training, documentation, and ongoing technical support to ensure smooth adoption and long-term success. 9. Can we access the ERP system remotely? Yes. Our ERP solutions are web-based and can be securely accessed from anywhere, enabling remote work and multi-location operations. 10. How is pricing determined for a custom ERP solution? Pricing depends on project scope, required modules, integrations, and customization level. Contact us to receive a personalized quote based on your business needs. 11. Is an ERP system suitable for small and medium-sized businesses? Yes. Modern ERP systems are designed to be flexible and cost-effective, making them ideal for SMEs that want to improve efficiency without unnecessary complexity. 12. Can we start with basic modules and expand later? Absolutely. SMEs can begin with essential modules such as accounting, inventory, and sales, then add more functionality as the business grows. 13. Will implementing an ERP disrupt our daily operations? ERP implementation is planned carefully to minimize disruption. Most SMEs continue daily operations while the system is deployed in phases. 14. Do we need an in-house IT team to use the ERP system? No. Our ERP solutions are user-friendly and supported by our technical team, so SMEs can operate the system without a dedicated in-house IT department. 15. How does an ERP system help reduce operational costs for SMEs? By automating processes, reducing manual errors, and improving visibility across operations, ERP systems help SMEs control costs and increase profitability.<\/p>","protected":false},"author":1,"featured_media":0,"parent":0,"menu_order":0,"comment_status":"closed","ping_status":"closed","template":"","meta":{"site-sidebar-layout":"no-sidebar","site-content-layout":"page-builder","ast-site-content-layout":"full-width-container","site-content-style":"default","site-sidebar-style":"default","ast-global-header-display":"","ast-banner-title-visibility":"","ast-main-header-display":"","ast-hfb-above-header-display":"","ast-hfb-below-header-display":"","ast-hfb-mobile-header-display":"","site-post-title":"disabled","ast-breadcrumbs-content":"","ast-featured-img":"disabled","footer-sml-layout":"","ast-disable-related-posts":"","theme-transparent-header-meta":"","adv-header-id-meta":"","stick-header-meta":"","header-above-stick-meta":"","header-main-stick-meta":"","header-below-stick-meta":"","astra-migrate-meta-layouts":"set","ast-page-background-enabled":"default","ast-page-background-meta":{"desktop":{"background-color":"var(--ast-global-color-4)","background-image":"","background-repeat":"repeat","background-position":"center center","background-size":"auto","background-attachment":"scroll","background-type":"","background-media":"","overlay-type":"","overlay-color":"","overlay-opacity":"","overlay-gradient":""},"tablet":{"background-color":"","background-image":"","background-repeat":"repeat","background-position":"center center","background-size":"auto","background-attachment":"scroll","background-type":"","background-media":"","overlay-type":"","overlay-color":"","overlay-opacity":"","overlay-gradient":""},"mobile":{"background-color":"","background-image":"","background-repeat":"repeat","background-position":"center center","background-size":"auto","background-attachment":"scroll","background-type":"","background-media":"","overlay-type":"","overlay-color":"","overlay-opacity":"","overlay-gradient":""}},"ast-content-background-meta":{"desktop":{"background-color":"var(--ast-global-color-5)","background-image":"","background-repeat":"repeat","background-position":"center center","background-size":"auto","background-attachment":"scroll","background-type":"","background-media":"","overlay-type":"","overlay-color":"","overlay-opacity":"","overlay-gradient":""},"tablet":{"background-color":"var(--ast-global-color-5)","background-image":"","background-repeat":"repeat","background-position":"center center","background-size":"auto","background-attachment":"scroll","background-type":"","background-media":"","overlay-type":"","overlay-color":"","overlay-opacity":"","overlay-gradient":""},"mobile":{"background-color":"var(--ast-global-color-5)","background-image":"","background-repeat":"repeat","background-position":"center center","background-size":"auto","background-attachment":"scroll","background-type":"","background-media":"","overlay-type":"","overlay-color":"","overlay-opacity":"","overlay-gradient":""}},"footnotes":""},"class_list":["post-1990","page","type-page","status-publish","hentry"],"_links":{"self":[{"href":"https:\/\/maliyo.thelearnyway.com\/tr\/wp-json\/wp\/v2\/pages\/1990","targetHints":{"allow":["GET"]}}],"collection":[{"href":"https:\/\/maliyo.thelearnyway.com\/tr\/wp-json\/wp\/v2\/pages"}],"about":[{"href":"https:\/\/maliyo.thelearnyway.com\/tr\/wp-json\/wp\/v2\/types\/page"}],"author":[{"embeddable":true,"href":"https:\/\/maliyo.thelearnyway.com\/tr\/wp-json\/wp\/v2\/users\/1"}],"replies":[{"embeddable":true,"href":"https:\/\/maliyo.thelearnyway.com\/tr\/wp-json\/wp\/v2\/comments?post=1990"}],"version-history":[{"count":61,"href":"https:\/\/maliyo.thelearnyway.com\/tr\/wp-json\/wp\/v2\/pages\/1990\/revisions"}],"predecessor-version":[{"id":2215,"href":"https:\/\/maliyo.thelearnyway.com\/tr\/wp-json\/wp\/v2\/pages\/1990\/revisions\/2215"}],"wp:attachment":[{"href":"https:\/\/maliyo.thelearnyway.com\/tr\/wp-json\/wp\/v2\/media?parent=1990"}],"curies":[{"name":"wp","href":"https:\/\/api.w.org\/{rel}","templated":true}]}}