{"id":2129,"date":"2025-12-17T15:50:07","date_gmt":"2025-12-17T15:50:07","guid":{"rendered":"https:\/\/maliyo.thelearnyway.com\/?page_id=2129"},"modified":"2025-12-18T16:05:05","modified_gmt":"2025-12-18T16:05:05","slug":"terms-conditions","status":"publish","type":"page","link":"https:\/\/maliyo.thelearnyway.com\/tr\/terms-conditions\/","title":{"rendered":"\u015eartlar ve Ko\u015fullar"},"content":{"rendered":"<div data-elementor-type=\"wp-page\" data-elementor-id=\"2129\" class=\"elementor elementor-2129\">\n\t\t\t\t<div data-particle_enable=\"false\" data-particle-mobile-disabled=\"false\" class=\"elementor-element elementor-element-1af80b4 e-con-full e-flex wpr-particle-no wpr-jarallax-no wpr-parallax-no wpr-sticky-section-no wpr-equal-height-no e-con e-parent\" data-id=\"1af80b4\" data-element_type=\"container\" data-e-type=\"container\" data-settings=\"{&quot;background_background&quot;:&quot;gradient&quot;}\">\n\t\t\t\t<div class=\"elementor-element elementor-element-691e519 elementor-widget elementor-widget-text-editor\" data-id=\"691e519\" data-element_type=\"widget\" data-e-type=\"widget\" data-widget_type=\"text-editor.default\">\n\t\t\t\t<div class=\"elementor-widget-container\">\n\t\t\t\t\t\t\t\t\t<!DOCTYPE html>\n<html lang=\"en\">\n<head>\n    <meta charset=\"UTF-8\">\n    <meta name=\"viewport\" content=\"width=device-width, initial-scale=1.0\">\n    <title>Maliyo ERP &#8211; Terms &#038; Conditions<\/title>\n    <style>\n        .maliyo-terms-page * {\n            margin: 0;\n            padding: 0;\n            box-sizing: border-box;\n        }\n        \n        .maliyo-terms-page {\n            font-family: 'Segoe UI', Tahoma, Geneva, Verdana, sans-serif;\n            line-height: 1.8;\n            color: #333;\n            background: linear-gradient(180deg, #f0f4ff 0%, #212d45 100%);\n            padding: 40px 0;\n        }\n        \n        .maliyo-terms-page .container {\n            max-width: 900px;\n            margin: 0 auto;\n            padding: 0 20px;\n        }\n        \n        .maliyo-terms-page .policy-header {\n            text-align: center;\n            padding: 50px 40px;\n            background: linear-gradient(135deg, #1e2063 0%, #011cb3 100%);\n            color: white;\n            border-radius: 15px;\n            box-shadow: 0 15px 40px rgba(1, 28, 179, 0.3);\n            margin-bottom: 40px;\n        }\n        \n        .maliyo-terms-page .policy-header h1 {\n            font-size: 2.5em;\n            margin-bottom: 15px;\n            color: white;\n        }\n        \n        .maliyo-terms-page .document-icon {\n            font-size: 3em;\n            margin-bottom: 15px;\n        }\n        \n        .maliyo-terms-page .last-updated {\n            display: inline-block;\n            background: rgba(247, 184, 8, 0.2);\n            color: #f7b808;\n            padding: 8px 20px;\n            border-radius: 20px;\n            font-size: 0.95em;\n            margin-top: 10px;\n            border: 1px solid rgba(247, 184, 8, 0.3);\n        }\n        \n        .maliyo-terms-page .policy-intro {\n            background: white;\n            padding: 35px;\n            border-radius: 12px;\n            box-shadow: 0 5px 20px rgba(1, 28, 179, 0.08);\n            margin-bottom: 30px;\n            border-left: 5px solid #f7b808;\n        }\n        \n        .maliyo-terms-page .policy-section {\n            background: white;\n            padding: 35px;\n            border-radius: 12px;\n            box-shadow: 0 5px 20px rgba(1, 28, 179, 0.08);\n            margin-bottom: 25px;\n            transition: transform 0.2s ease, box-shadow 0.2s ease;\n        }\n        \n        .maliyo-terms-page .policy-section:hover {\n            transform: translateY(-2px);\n            box-shadow: 0 8px 25px rgba(1, 28, 179, 0.12);\n        }\n        \n        .maliyo-terms-page .section-number {\n            display: inline-block;\n            background: linear-gradient(135deg, #f7b808, #ffc940);\n            color: white;\n            width: 35px;\n            height: 35px;\n            line-height: 35px;\n            text-align: center;\n            border-radius: 50%;\n            font-weight: bold;\n            margin-right: 12px;\n            font-size: 1.1em;\n        }\n        \n        .maliyo-terms-page .policy-section h2 {\n            color: #1e2063;\n            font-size: 1.6em;\n            margin-bottom: 20px;\n            display: flex;\n            align-items: center;\n        }\n        \n        .maliyo-terms-page .policy-section p {\n            margin-bottom: 15px;\n            color: #555;\n        }\n        \n        .maliyo-terms-page .policy-section ul {\n            margin: 15px 0;\n            padding-left: 20px;\n        }\n        \n        .maliyo-terms-page .policy-section li {\n            margin: 10px 0;\n            padding-left: 10px;\n            color: #555;\n            position: relative;\n        }\n        \n        .maliyo-terms-page .policy-section li::marker {\n            color: #f7b808;\n        }\n        \n        .maliyo-terms-page .definition-grid {\n            display: grid;\n            grid-template-columns: repeat(auto-fit, minmax(200px, 1fr));\n            gap: 15px;\n            margin: 20px 0;\n        }\n        \n        .maliyo-terms-page .definition-item {\n            background: linear-gradient(135deg, rgba(247, 184, 8, 0.05), rgba(1, 28, 179, 0.02));\n            padding: 15px;\n            border-radius: 8px;\n            border-left: 3px solid #f7b808;\n        }\n        \n        .maliyo-terms-page .definition-item strong {\n            color: #1e2063;\n            display: block;\n            margin-bottom: 5px;\n            font-size: 1.05em;\n        }\n        \n        .maliyo-terms-page .highlight-box {\n            background: linear-gradient(135deg, rgba(247, 184, 8, 0.1), rgba(1, 28, 179, 0.05));\n            border-left: 4px solid #f7b808;\n            padding: 20px;\n            border-radius: 8px;\n            margin: 20px 0;\n        }\n        \n        .maliyo-terms-page .highlight-box strong {\n            color: #1e2063;\n        }\n        \n        .maliyo-terms-page .warning-box {\n            background: linear-gradient(135deg, rgba(255, 87, 34, 0.1), rgba(244, 67, 54, 0.05));\n            border-left: 4px solid #ff5722;\n            padding: 20px;\n            border-radius: 8px;\n            margin: 20px 0;\n        }\n        \n        .maliyo-terms-page .warning-box strong {\n            color: #d32f2f;\n        }\n        \n        .maliyo-terms-page .info-badge {\n            display: inline-block;\n            background: #011cb3;\n            color: white;\n            padding: 5px 12px;\n            border-radius: 15px;\n            font-size: 0.85em;\n            font-weight: 600;\n            margin: 5px 5px 5px 0;\n        }\n        \n        .maliyo-terms-page .contact-box {\n            background: linear-gradient(135deg, #1e2063 0%, #011cb3 100%);\n            color: white;\n            padding: 40px;\n            border-radius: 15px;\n            text-align: center;\n            margin-top: 40px;\n            box-shadow: 0 15px 40px rgba(1, 28, 179, 0.3);\n        }\n        \n        .maliyo-terms-page .contact-box h2 {\n            color: white;\n            font-size: 1.8em;\n            margin-bottom: 15px;\n            display: block;\n        }\n        \n        .maliyo-terms-page .contact-box a {\n            color: #f7b808;\n            text-decoration: none;\n            font-weight: 600;\n            font-size: 1.1em;\n            transition: color 0.3s ease;\n        }\n        \n        .maliyo-terms-page .contact-box a:hover {\n            color: #ffc940;\n        }\n        \n        @media (max-width: 768px) {\n            .maliyo-terms-page .policy-header {\n                padding: 35px 25px;\n            }\n            \n            .maliyo-terms-page .policy-header h1 {\n                font-size: 2em;\n            }\n            \n            .maliyo-terms-page .policy-section {\n                padding: 25px;\n            }\n            \n            .maliyo-terms-page .policy-section h2 {\n                font-size: 1.3em;\n                flex-direction: column;\n                align-items: flex-start;\n            }\n            \n            .maliyo-terms-page .section-number {\n                margin-bottom: 10px;\n            }\n            \n            .maliyo-terms-page .definition-grid {\n                grid-template-columns: 1fr;\n            }\n        }\n    <\/style>\n<\/head>\n<body>\n    <div class=\"maliyo-terms-page\">\n        <div class=\"container\">\n            <div class=\"policy-header\">\n                <div class=\"document-icon\">\ud83d\udccb<\/div>\n                <h1>\u015eartlar ve Ko\u015fullar<\/h1>\n                <div class=\"last-updated\">Son G\u00fcncelleme: 17.12.2025<\/div>\n            <\/div>\n            \n            <div class=\"policy-intro\">\n                <p class=\"translation-block\">Bu \u015eartlar ve Ko\u015fullar, <strong>Maliyo<\/strong> web sitesine ve hizmetlerine eri\u015fiminizi ve kullan\u0131m\u0131n\u0131z\u0131 d\u00fczenler. Bu web sitesini kullanarak, bu \u015fartlarla ba\u011fl\u0131 olmay\u0131 kabul etmi\u015f olursunuz.<\/p>\n                <div class=\"warning-box translation-block\" style=\"margin-top: 20px;\"><strong>\u00d6nemli:<\/strong> Hizmetlerimizi kullanmadan \u00f6nce l\u00fctfen bu \u015fartlar\u0131 dikkatlice okuyunuz. Web sitesini kullanmaya devam etmeniz, bu \u015fartlar\u0131 kabul etti\u011finiz anlam\u0131na gelir.<\/div>\n            <\/div>\n            \n            <div class=\"policy-section\">\n                <h2><span class=\"section-number\">1<\/span> Tan\u0131mlar<\/h2>\n                <p>Bu \u015eartlar ve Ko\u015fullar kapsam\u0131nda a\u015fa\u011f\u0131daki tan\u0131mlar ge\u00e7erlidir:<\/p>\n                \n                <div class=\"definition-grid\">\n                    <div class=\"definition-item\">\n                        <strong>\u015eirket:<\/strong>\n                        Maliyo\n                    <\/div>\n                    <div class=\"definition-item\">\n                        <strong>Website:<\/strong>\n                        www.maliyoerp.com\n                    <\/div>\n                    <div class=\"definition-item\">\n                        <strong>Kullan\u0131c\u0131:<\/strong>\n                        Web sitesine eri\u015fen herhangi bir ki\u015fi\n                    <\/div>\n                    <div class=\"definition-item\">\n                        <strong>Hizmetler:<\/strong>\n                        ERP yaz\u0131l\u0131m\u0131, dan\u0131\u015fmanl\u0131k ve ilgili hizmetler\n                    <\/div>\n                <\/div>\n            <\/div>\n            \n            <div class=\"policy-section\">\n                <h2><span class=\"section-number\">2<\/span> Web Sitesinin Kullan\u0131m\u0131<\/h2>\n                <p>Kullan\u0131c\u0131lar a\u015fa\u011f\u0131dakileri kabul eder:<\/p>\n                <ul>\n                    <li>Web sitesini hukuka uygun \u015fekilde ve bu \u015fartlara uygun olarak kullanmay\u0131<\/li>\n                    <li>Web sitesini veya sistemlerini k\u00f6t\u00fcye kullanmamay\u0131, aksatmamay\u0131 ya da yetkisiz eri\u015fim giri\u015fiminde bulunmamay\u0131<\/li>\n                    <li>A\u00e7\u0131k yaz\u0131l\u0131 izin olmaks\u0131z\u0131n i\u00e7erikleri kopyalamamay\u0131 veya \u00e7o\u011faltmamay\u0131<\/li>\n                <\/ul>\n                <div class=\"warning-box translation-block\"><strong>Uyar\u0131:<\/strong> Bu \u015fartlar\u0131n ihlali, eri\u015fimin derhal sonland\u0131r\u0131lmas\u0131na ve hukuki i\u015flem ba\u015flat\u0131lmas\u0131na yol a\u00e7abilir.<\/div>\n            <\/div>\n            \n            <div class=\"policy-section\">\n                <h2><span class=\"section-number\">3<\/span> Fikri M\u00fclkiyet<\/h2>\n                <p>Bu web sitesindeki t\u00fcm i\u00e7erik, a\u015fa\u011f\u0131dakiler de dahil olmak \u00fczere ancak bunlarla s\u0131n\u0131rl\u0131 kalmamak kayd\u0131yla, Maliyo'nun fikri m\u00fclkiyetidir ve ilgili yasalarla korunmaktad\u0131r:<\/p>\n                \n                <div style=\"margin: 20px 0;\">\n                    <span class=\"info-badge\">Yaz\u0131l\u0131m<\/span>\n                    <span class=\"info-badge\">Metinler<\/span>\n                    <span class=\"info-badge\">Logolar<\/span>\n                    <span class=\"info-badge\">Grafikler<\/span>\n                    <span class=\"info-badge\">Tasar\u0131mlar<\/span>\n                <\/div>\n                \n                <div class=\"highlight-box translation-block\"><strong>Telif Hakk\u0131 Bildirimi:<\/strong> Bu web sitesindeki herhangi bir i\u00e7eri\u011fin izinsiz kullan\u0131m\u0131, \u00e7o\u011falt\u0131lmas\u0131 veya da\u011f\u0131t\u0131lmas\u0131 kesinlikle yasakt\u0131r ve hukuki sonu\u00e7lar do\u011furabilir.<\/div>\n            <\/div>\n            \n            <div class=\"policy-section\">\n                <h2><span class=\"section-number\">4<\/span> Hizmet Bilgileri Sorumluluk Reddi Beyan\u0131<\/h2>\n                <p>Web sitesinde yer alan bilgiler yaln\u0131zca genel bilgilendirme ama\u00e7l\u0131d\u0131r. Bilgilerin do\u011frulu\u011fu i\u00e7in azami \u00f6zen g\u00f6sterilmekle birlikte, a\u015fa\u011f\u0131daki hususlarda herhangi bir garanti verilmemektedir:<\/p>\n                <ul>\n                    <li>Bilgilerin eksiksiz veya do\u011fru olmas\u0131<\/li>\n                    <li>Hizmetlerin eri\u015filebilirli\u011fi veya zaman\u0131nda sunulmas\u0131<\/li>\n                    <li>Herhangi bir \u00f6zel amaca uygunluk<\/li>\n                <\/ul>\n                <div class=\"highlight-box translation-block\"><strong>Not:<\/strong> Nihai hizmet kapsam\u0131, fiyatland\u0131rma ve zaman \u00e7izelgeleri resmi teklifler veya s\u00f6zle\u015fmeler ile belirlenir. Web sitesinde yer alan bilgiler ba\u011flay\u0131c\u0131 bir s\u00f6zle\u015fme niteli\u011fi ta\u015f\u0131maz.<\/div>\n            <\/div>\n            \n            <div class=\"policy-section\">\n                <h2><span class=\"section-number\">5<\/span> Sorumlulu\u011fun S\u0131n\u0131rland\u0131r\u0131lmas\u0131<\/h2>\n                <p>Y\u00fcr\u00fcrl\u00fckteki mevzuat\u0131n izin verdi\u011fi azami \u00f6l\u00e7\u00fcde, Maliyo a\u015fa\u011f\u0131daki durumlardan dolay\u0131 sorumlu tutulamaz:<\/p>\n                <ul>\n                    <li>Web sitesinin kullan\u0131m\u0131ndan kaynaklanan do\u011frudan veya dolayl\u0131 zararlar<\/li>\n                    <li>Veri kayb\u0131, k\u00e2r kayb\u0131 veya i\u015f f\u0131rsatlar\u0131n\u0131n kayb\u0131<\/li>\n                    <li>Teknik kesintiler, sunucu eri\u015fim sorunlar\u0131 veya veri kayb\u0131<\/li>\n                    <li>\u00dc\u00e7\u00fcnc\u00fc taraf i\u00e7erikleri, hizmetleri veya harici ba\u011flant\u0131lar<\/li>\n                    <li>Web sitesindeki hata, eksiklik veya yanl\u0131\u015fl\u0131klar<\/li>\n                <\/ul>\n                <div class=\"warning-box translation-block\"><strong>Sorumluluk Reddi:<\/strong> Web sitesinin kullan\u0131m\u0131 tamamen kullan\u0131c\u0131n\u0131n kendi sorumlulu\u011fundad\u0131r. Maliyo, web sitesini \u201coldu\u011fu gibi\u201d ve \u201cmevcut oldu\u011fu \u015fekilde\u201d sunmaktad\u0131r.<\/div>\n            <\/div>\n            \n            <div class=\"policy-section\">\n                <h2><span class=\"section-number\">6<\/span> \u00dc\u00e7\u00fcnc\u00fc Taraf Ba\u011flant\u0131lar<\/h2>\n                <p>Web sitesi, Maliyo\u2019ya ait olmayan veya Maliyo\u2019nun kontrol\u00fcnde bulunmayan \u00fc\u00e7\u00fcnc\u00fc taraf web sitelerine veya hizmetlere y\u00f6nlendiren ba\u011flant\u0131lar i\u00e7erebilir.<\/p>\n                <div class=\"highlight-box translation-block\"><strong>\u00d6nemli:<\/strong> Maliyo, \u00fc\u00e7\u00fcnc\u00fc taraf web sitelerinin i\u00e7eriklerinden, gizlilik uygulamalar\u0131ndan veya hizmet \u015fartlar\u0131ndan sorumlu de\u011fildir. Bu t\u00fcr sitelerle etkile\u015fime ge\u00e7meden \u00f6nce kendi politikalar\u0131n\u0131 incelemenizi tavsiye ederiz.<\/div>\n            <\/div>\n            \n            <div class=\"policy-section\">\n                <h2><span class=\"section-number\">7<\/span> Gizlilik<\/h2>\n                <p>Web sitesi veya ileti\u015fim kanallar\u0131 arac\u0131l\u0131\u011f\u0131yla Maliyo ile payla\u015f\u0131lan kamuya a\u00e7\u0131k olmayan her t\u00fcrl\u00fc bilgi gizli kabul edilir ve buna uygun \u015fekilde korunur.<\/p>\n                <ul>\n                    <li>Bilgiler, a\u00e7\u0131k r\u0131za olmaks\u0131z\u0131n \u00fc\u00e7\u00fcnc\u00fc ki\u015filerle payla\u015f\u0131lmaz<\/li>\n                    <li>Verilerin korunmas\u0131 i\u00e7in uygun g\u00fcvenlik \u00f6nlemleri uygulan\u0131r<\/li>\n                    <li>Yasal merciler taraf\u0131ndan talep edilmesi halinde, yaln\u0131zca mevzuat gere\u011fi a\u00e7\u0131klama yap\u0131labilir<\/li>\n                <\/ul>\n            <\/div>\n            \n            <div class=\"policy-section\">\n                <h2><span class=\"section-number\">8<\/span> De\u011fi\u015fiklikler<\/h2>\n                <p>Maliyo, bu \u015eartlar ve Ko\u015fullar\u0131 \u00f6nceden bildirimde bulunmaks\u0131z\u0131n her zaman g\u00fcncelleme, de\u011fi\u015ftirme veya y\u00fcr\u00fcrl\u00fckten kald\u0131rma hakk\u0131n\u0131 sakl\u0131 tutar.<\/p>\n                <div class=\"highlight-box translation-block\"><strong>Kullan\u0131c\u0131n\u0131n Sorumlulu\u011fu:<\/strong> De\u011fi\u015fikliklerin yay\u0131nlanmas\u0131n\u0131n ard\u0131ndan web sitesinin kullan\u0131lmaya hatas\u0131, g\u00fcncellenmi\u015f \u015fartlar\u0131n kabul edildi\u011fi anlam\u0131na gelir. L\u00fctfen bu sayfay\u0131 g\u00fcncellemeler i\u00e7in periyodik olarak kontrol ediniz.<\/div>\n            <\/div>\n            \n            <div class=\"policy-section\">\n                <h2><span class=\"section-number\">9<\/span> Uygulanacak Hukuk ve Yetki<\/h2>\n                <p>Bu \u015eartlar ve Ko\u015fullar, T\u00fcrkiye Cumhuriyeti kanunlar\u0131na tabi olup bu kanunlara g\u00f6re yorumlanacakt\u0131r.<\/p>\n                <div class=\"highlight-box translation-block\"><strong>Yetkili Hukuk ve Yarg\u0131:<\/strong> Bu \u015fartlardan veya web sitesinin kullan\u0131m\u0131ndan do\u011fabilecek her t\u00fcrl\u00fc uyu\u015fmazl\u0131k, T\u00fcrkiye Cumhuriyeti mahkemeleri ve icra dairelerinin m\u00fcnhas\u0131r yetkisine tabidir.<\/div>\n            <\/div>\n            \n            <div class=\"contact-box\">\n                <h2>\u0130leti\u015fim Bilgileri<\/h2>\n                <p>Bu H\u00fck\u00fcm ve Ko\u015fullar ile ilgili sorular\u0131n\u0131z i\u00e7in:<\/p>\n                <p style=\"margin-top: 20px;\">\n                    <strong>Maliyo<\/strong><br>\n                    E-posta: <a href=\"mailto:info@maliyoerp.com\">info@maliyoerp.com<\/a>\n                <\/p>\n            <\/div>\n        <\/div>\n    <\/div>\n<\/body>\n<\/html>\t\t\t\t\t\t\t\t<\/div>\n\t\t\t\t<\/div>\n\t\t\t\t<\/div>\n\t\t\t\t<\/div>","protected":false},"excerpt":{"rendered":"<p>Maliyo ERP &#8211; Terms &#038; Conditions \ud83d\udccb Terms &#038; Conditions Last Updated: 12\/17\/2025 These Terms &#038; Conditions govern your access to and use of the Maliyo website and services. By using this website, you agree to be bound by these terms. Important: Please read these terms carefully before using our services. Your continued use of the website constitutes acceptance of these terms. 1 Definitions For the purposes of these Terms &#038; Conditions, the following definitions apply: Company: Maliyo Website: www.maliyoerp.com User: Any person accessing the website Services: ERP software, consulting, and related services 2 Use of Website Users agree to: Use the website lawfully and in accordance with these terms Not misuse, disrupt, or attempt unauthorized access to the website or its systems Not copy or reproduce content without express written permission Warning: Violation of these terms may result in immediate termination of access and potential legal action. 3 Intellectual Property All content on this website, including but not limited to the following, is the intellectual property of Maliyo and is protected by applicable laws: Software Texts Logos Graphics Designs Copyright Notice: Unauthorized use, reproduction, or distribution of any content from this website is strictly prohibited and may result in legal consequences. 4 Service Information Disclaimer Information on the website is provided for general informational purposes only. While we strive for accuracy, we make no warranties regarding: Completeness or accuracy of information Availability or timeliness of services Fitness for any particular purpose Note: Final service scope, pricing, and timelines are defined through official proposals or contracts. Website information does not constitute a binding agreement. 5 Limitation of Liability To the fullest extent permitted by law, Maliyo shall not be liable for: Direct or indirect damages arising from website use Loss of data, profits, or business opportunities Technical interruptions, server downtime, or data loss Third-party content, services, or external links Errors, omissions, or inaccuracies in website content Disclaimer: Use of the website is at the user&#8217;s own risk. Maliyo provides the website on an &#8220;as is&#8221; and &#8220;as available&#8221; basis. 6 Third-Party Links The website may contain links to third-party websites or services that are not owned or controlled by Maliyo. Important: Maliyo is not responsible for the content, privacy practices, or terms of service of any third-party websites. We recommend reviewing their policies before engaging with them. 7 Confidentiality Any non-public information shared with Maliyo through the website or communication channels is treated as confidential and will be protected accordingly. Information will not be disclosed to third parties without consent Appropriate security measures are implemented to protect data Disclosure may occur only when legally required by authorities 8 Amendments Maliyo reserves the right to update, modify, or replace these Terms &#038; Conditions at any time without prior notice. Your Responsibility: Continued use of the website after changes are posted constitutes acceptance of the updated terms. Please review this page periodically for updates. 9 Governing Law &#038; Jurisdiction These Terms &#038; Conditions are governed by and construed in accordance with the laws of the Republic of T\u00fcrkiye. Legal Jurisdiction: Any disputes arising from these terms or use of the website shall be subject to the exclusive jurisdiction of the courts and enforcement offices of T\u00fcrkiye. Contact Information For questions regarding these Terms &#038; Conditions: Maliyo Email: info@maliyoerp.com<\/p>","protected":false},"author":1,"featured_media":0,"parent":0,"menu_order":0,"comment_status":"closed","ping_status":"closed","template":"","meta":{"site-sidebar-layout":"default","site-content-layout":"","ast-site-content-layout":"full-width-container","site-content-style":"default","site-sidebar-style":"default","ast-global-header-display":"","ast-banner-title-visibility":"","ast-main-header-display":"","ast-hfb-above-header-display":"","ast-hfb-below-header-display":"","ast-hfb-mobile-header-display":"","site-post-title":"disabled","ast-breadcrumbs-content":"","ast-featured-img":"","footer-sml-layout":"","ast-disable-related-posts":"","theme-transparent-header-meta":"","adv-header-id-meta":"","stick-header-meta":"","header-above-stick-meta":"","header-main-stick-meta":"","header-below-stick-meta":"","astra-migrate-meta-layouts":"set","ast-page-background-enabled":"default","ast-page-background-meta":{"desktop":{"background-color":"var(--ast-global-color-4)","background-image":"","background-repeat":"repeat","background-position":"center center","background-size":"auto","background-attachment":"scroll","background-type":"","background-media":"","overlay-type":"","overlay-color":"","overlay-opacity":"","overlay-gradient":""},"tablet":{"background-color":"","background-image":"","background-repeat":"repeat","background-position":"center center","background-size":"auto","background-attachment":"scroll","background-type":"","background-media":"","overlay-type":"","overlay-color":"","overlay-opacity":"","overlay-gradient":""},"mobile":{"background-color":"","background-image":"","background-repeat":"repeat","background-position":"center center","background-size":"auto","background-attachment":"scroll","background-type":"","background-media":"","overlay-type":"","overlay-color":"","overlay-opacity":"","overlay-gradient":""}},"ast-content-background-meta":{"desktop":{"background-color":"var(--ast-global-color-5)","background-image":"","background-repeat":"repeat","background-position":"center center","background-size":"auto","background-attachment":"scroll","background-type":"","background-media":"","overlay-type":"","overlay-color":"","overlay-opacity":"","overlay-gradient":""},"tablet":{"background-color":"var(--ast-global-color-5)","background-image":"","background-repeat":"repeat","background-position":"center center","background-size":"auto","background-attachment":"scroll","background-type":"","background-media":"","overlay-type":"","overlay-color":"","overlay-opacity":"","overlay-gradient":""},"mobile":{"background-color":"var(--ast-global-color-5)","background-image":"","background-repeat":"repeat","background-position":"center center","background-size":"auto","background-attachment":"scroll","background-type":"","background-media":"","overlay-type":"","overlay-color":"","overlay-opacity":"","overlay-gradient":""}},"footnotes":""},"class_list":["post-2129","page","type-page","status-publish","hentry"],"_links":{"self":[{"href":"https:\/\/maliyo.thelearnyway.com\/tr\/wp-json\/wp\/v2\/pages\/2129","targetHints":{"allow":["GET"]}}],"collection":[{"href":"https:\/\/maliyo.thelearnyway.com\/tr\/wp-json\/wp\/v2\/pages"}],"about":[{"href":"https:\/\/maliyo.thelearnyway.com\/tr\/wp-json\/wp\/v2\/types\/page"}],"author":[{"embeddable":true,"href":"https:\/\/maliyo.thelearnyway.com\/tr\/wp-json\/wp\/v2\/users\/1"}],"replies":[{"embeddable":true,"href":"https:\/\/maliyo.thelearnyway.com\/tr\/wp-json\/wp\/v2\/comments?post=2129"}],"version-history":[{"count":10,"href":"https:\/\/maliyo.thelearnyway.com\/tr\/wp-json\/wp\/v2\/pages\/2129\/revisions"}],"predecessor-version":[{"id":2304,"href":"https:\/\/maliyo.thelearnyway.com\/tr\/wp-json\/wp\/v2\/pages\/2129\/revisions\/2304"}],"wp:attachment":[{"href":"https:\/\/maliyo.thelearnyway.com\/tr\/wp-json\/wp\/v2\/media?parent=2129"}],"curies":[{"name":"wp","href":"https:\/\/api.w.org\/{rel}","templated":true}]}}