{"id":2333,"date":"2025-12-19T09:39:00","date_gmt":"2025-12-19T09:39:00","guid":{"rendered":"https:\/\/maliyo.thelearnyway.com\/?page_id=2333"},"modified":"2025-12-19T22:13:57","modified_gmt":"2025-12-19T22:13:57","slug":"products","status":"publish","type":"page","link":"https:\/\/maliyo.thelearnyway.com\/tr\/products\/","title":{"rendered":"products"},"content":{"rendered":"<div data-elementor-type=\"wp-page\" data-elementor-id=\"2333\" class=\"elementor elementor-2333\">\n\t\t\t\t<div data-particle_enable=\"false\" data-particle-mobile-disabled=\"false\" class=\"elementor-element elementor-element-d211dfa e-grid e-con-full wpr-particle-no wpr-jarallax-no wpr-parallax-no wpr-sticky-section-no wpr-equal-height-no e-con e-parent\" data-id=\"d211dfa\" data-element_type=\"container\" data-e-type=\"container\" data-settings=\"{&quot;background_background&quot;:&quot;gradient&quot;}\">\n\t\t\t\t<div class=\"elementor-element elementor-element-2870772 elementor-position-top elementor-widget elementor-widget-image-box\" data-id=\"2870772\" data-element_type=\"widget\" data-e-type=\"widget\" data-widget_type=\"image-box.default\">\n\t\t\t\t<div class=\"elementor-widget-container\">\n\t\t\t\t\t<div class=\"elementor-image-box-wrapper\"><figure class=\"elementor-image-box-img\"><a href=\"\/tr\/maliyo-digital-license\/\" tabindex=\"-1\"><img fetchpriority=\"high\" decoding=\"async\" width=\"1169\" height=\"1726\" src=\"http:\/\/maliyo.thelearnyway.com\/wp-content\/uploads\/2025\/12\/Maliyo-soft-TR-copy.webp\" class=\"attachment-full size-full wp-image-2418\" alt=\"\" srcset=\"https:\/\/maliyo.thelearnyway.com\/wp-content\/uploads\/2025\/12\/Maliyo-soft-TR-copy.webp 1112w, https:\/\/maliyo.thelearnyway.com\/wp-content\/uploads\/2025\/12\/Maliyo-soft-TR-copy-196x300.webp 196w, https:\/\/maliyo.thelearnyway.com\/wp-content\/uploads\/2025\/12\/Maliyo-soft-TR-copy-669x1024.webp 669w, https:\/\/maliyo.thelearnyway.com\/wp-content\/uploads\/2025\/12\/Maliyo-soft-TR-copy-768x1175.webp 768w, https:\/\/maliyo.thelearnyway.com\/wp-content\/uploads\/2025\/12\/Maliyo-soft-TR-copy-1004x1536.webp 1004w, https:\/\/maliyo.thelearnyway.com\/wp-content\/uploads\/2025\/12\/Maliyo-soft-TR-copy-8x12.webp 8w, https:\/\/maliyo.thelearnyway.com\/wp-content\/uploads\/2025\/12\/Maliyo-soft-TR-copy-600x918.webp 600w\" sizes=\"(max-width: 1169px) 100vw, 1169px\" \/><\/a><\/figure><div class=\"elementor-image-box-content\"><h3 class=\"elementor-image-box-title\"><a href=\"\/tr\/maliyo-digital-license\/\">Maliyo dijital lisans\u0131<\/a><\/h3><p class=\"elementor-image-box-description\">Maliyo ERP dijital lisans\u0131 ile i\u015fletmenizin t\u00fcm potansiyelini ortaya \u00e7\u0131kar\u0131n. Bu bulut tabanl\u0131 \u00e7\u00f6z\u00fcm, Maliyo\u2019nun geli\u015fmi\u015f ERP sistemine kapsaml\u0131 eri\u015fim sa\u011flayarak finans, stok, sat\u0131\u015f ve operasyon s\u00fcre\u00e7lerinizi her yerden sorunsuz bir \u015fekilde y\u00f6netmenize olanak tan\u0131r. Verimlilik, do\u011fruluk ve modern dijital ara\u00e7lar arac\u0131l\u0131\u011f\u0131yla s\u00fcrd\u00fcr\u00fclebilir b\u00fcy\u00fcme hedefleyen i\u015fletmeler i\u00e7in idealdir.<\/p><\/div><\/div>\t\t\t\t<\/div>\n\t\t\t\t<\/div>\n\t\t\t\t<div class=\"elementor-element elementor-element-fdd3476 elementor-position-top elementor-widget elementor-widget-image-box\" data-id=\"fdd3476\" data-element_type=\"widget\" data-e-type=\"widget\" data-widget_type=\"image-box.default\">\n\t\t\t\t<div class=\"elementor-widget-container\">\n\t\t\t\t\t<div class=\"elementor-image-box-wrapper\"><figure class=\"elementor-image-box-img\"><img decoding=\"async\" width=\"1112\" height=\"1702\" src=\"https:\/\/maliyo.thelearnyway.com\/wp-content\/uploads\/2025\/12\/COINS-3.webp\" class=\"attachment-full size-full wp-image-2456\" alt=\"\" srcset=\"https:\/\/maliyo.thelearnyway.com\/wp-content\/uploads\/2025\/12\/COINS-3.webp 1112w, https:\/\/maliyo.thelearnyway.com\/wp-content\/uploads\/2025\/12\/COINS-3-196x300.webp 196w, https:\/\/maliyo.thelearnyway.com\/wp-content\/uploads\/2025\/12\/COINS-3-669x1024.webp 669w, https:\/\/maliyo.thelearnyway.com\/wp-content\/uploads\/2025\/12\/COINS-3-768x1175.webp 768w, https:\/\/maliyo.thelearnyway.com\/wp-content\/uploads\/2025\/12\/COINS-3-1004x1536.webp 1004w, https:\/\/maliyo.thelearnyway.com\/wp-content\/uploads\/2025\/12\/COINS-3-8x12.webp 8w, https:\/\/maliyo.thelearnyway.com\/wp-content\/uploads\/2025\/12\/COINS-3-600x918.webp 600w\" sizes=\"(max-width: 1112px) 100vw, 1112px\" \/><\/figure><div class=\"elementor-image-box-content\"><h3 class=\"elementor-image-box-title\">Maliyo kont\u00f6r<\/h3><p class=\"elementor-image-box-description\">Maliyo Kont\u00f6r, vergi ve muhasebe s\u00fcre\u00e7lerinizi kolayla\u015ft\u0131rmak i\u00e7in tasarlanm\u0131\u015f dijital bir kont\u00f6r sistemidir. Her bir kont\u00f6r, XML dosyalar\u0131n\u0131n Gelir \u0130daresi Ba\u015fkanl\u0131\u011f\u0131 (G\u0130B) sistemine g\u00fcvenli bir \u015fekilde g\u00f6nderilmesini sa\u011flar ve e-fatura ile e-belge mevzuat\u0131na uyumlulu\u011fu garanti eder. Maliyo Kont\u00f6r sayesinde i\u015fletmeler, e-belge g\u00f6nderimlerini etkin bi\u00e7imde y\u00f6netebilir, manuel hatalar\u0131 azaltabilir ve G\u0130B ile kesintisiz entegrasyon sa\u011flayarak zaman tasarrufu ve operasyonel do\u011fruluk elde eder.<\/p><\/div><\/div>\t\t\t\t<\/div>\n\t\t\t\t<\/div>\n\t\t\t\t<\/div>\n\t\t\t\t<\/div>","protected":false},"excerpt":{"rendered":"<p>Maliyo digital license Unlock the full potential of your business with the Maliyo ERP digital license. This cloud-based solution provides comprehensive access to Maliyo\u2019s advanced ERP system, enabling you to manage finances, inventory, sales, and operations seamlessly from anywhere. Ideal for businesses seeking efficiency, accuracy, and growth through modern digital tools. Maliyo credits Maliyo Credits are a digital credit system designed to streamline your tax and accounting processes. Each credit allows you to securely send XML files directly to the Revenue Administration (G\u0130B) system, ensuring compliance with electronic invoicing and reporting regulations. With Maliyo Credits, businesses can efficiently manage their e-document submissions, reduce manual errors, and maintain seamless integration with G\u0130B, saving time and improving operational accuracy.<\/p>","protected":false},"author":1,"featured_media":0,"parent":0,"menu_order":0,"comment_status":"closed","ping_status":"closed","template":"","meta":{"site-sidebar-layout":"no-sidebar","site-content-layout":"page-builder","ast-site-content-layout":"full-width-container","site-content-style":"default","site-sidebar-style":"default","ast-global-header-display":"","ast-banner-title-visibility":"","ast-main-header-display":"","ast-hfb-above-header-display":"","ast-hfb-below-header-display":"","ast-hfb-mobile-header-display":"","site-post-title":"disabled","ast-breadcrumbs-content":"","ast-featured-img":"disabled","footer-sml-layout":"","ast-disable-related-posts":"","theme-transparent-header-meta":"","adv-header-id-meta":"","stick-header-meta":"","header-above-stick-meta":"","header-main-stick-meta":"","header-below-stick-meta":"","astra-migrate-meta-layouts":"set","ast-page-background-enabled":"default","ast-page-background-meta":{"desktop":{"background-color":"var(--ast-global-color-4)","background-image":"","background-repeat":"repeat","background-position":"center center","background-size":"auto","background-attachment":"scroll","background-type":"","background-media":"","overlay-type":"","overlay-color":"","overlay-opacity":"","overlay-gradient":""},"tablet":{"background-color":"","background-image":"","background-repeat":"repeat","background-position":"center center","background-size":"auto","background-attachment":"scroll","background-type":"","background-media":"","overlay-type":"","overlay-color":"","overlay-opacity":"","overlay-gradient":""},"mobile":{"background-color":"","background-image":"","background-repeat":"repeat","background-position":"center center","background-size":"auto","background-attachment":"scroll","background-type":"","background-media":"","overlay-type":"","overlay-color":"","overlay-opacity":"","overlay-gradient":""}},"ast-content-background-meta":{"desktop":{"background-color":"var(--ast-global-color-5)","background-image":"","background-repeat":"repeat","background-position":"center center","background-size":"auto","background-attachment":"scroll","background-type":"","background-media":"","overlay-type":"","overlay-color":"","overlay-opacity":"","overlay-gradient":""},"tablet":{"background-color":"var(--ast-global-color-5)","background-image":"","background-repeat":"repeat","background-position":"center center","background-size":"auto","background-attachment":"scroll","background-type":"","background-media":"","overlay-type":"","overlay-color":"","overlay-opacity":"","overlay-gradient":""},"mobile":{"background-color":"var(--ast-global-color-5)","background-image":"","background-repeat":"repeat","background-position":"center center","background-size":"auto","background-attachment":"scroll","background-type":"","background-media":"","overlay-type":"","overlay-color":"","overlay-opacity":"","overlay-gradient":""}},"footnotes":""},"class_list":["post-2333","page","type-page","status-publish","hentry"],"_links":{"self":[{"href":"https:\/\/maliyo.thelearnyway.com\/tr\/wp-json\/wp\/v2\/pages\/2333","targetHints":{"allow":["GET"]}}],"collection":[{"href":"https:\/\/maliyo.thelearnyway.com\/tr\/wp-json\/wp\/v2\/pages"}],"about":[{"href":"https:\/\/maliyo.thelearnyway.com\/tr\/wp-json\/wp\/v2\/types\/page"}],"author":[{"embeddable":true,"href":"https:\/\/maliyo.thelearnyway.com\/tr\/wp-json\/wp\/v2\/users\/1"}],"replies":[{"embeddable":true,"href":"https:\/\/maliyo.thelearnyway.com\/tr\/wp-json\/wp\/v2\/comments?post=2333"}],"version-history":[{"count":86,"href":"https:\/\/maliyo.thelearnyway.com\/tr\/wp-json\/wp\/v2\/pages\/2333\/revisions"}],"predecessor-version":[{"id":2462,"href":"https:\/\/maliyo.thelearnyway.com\/tr\/wp-json\/wp\/v2\/pages\/2333\/revisions\/2462"}],"wp:attachment":[{"href":"https:\/\/maliyo.thelearnyway.com\/tr\/wp-json\/wp\/v2\/media?parent=2333"}],"curies":[{"name":"wp","href":"https:\/\/api.w.org\/{rel}","templated":true}]}}