{"id":874,"date":"2025-12-10T08:43:00","date_gmt":"2025-12-10T08:43:00","guid":{"rendered":"https:\/\/maliyo.thelearnyway.com\/about\/"},"modified":"2025-12-17T12:39:34","modified_gmt":"2025-12-17T12:39:34","slug":"about","status":"publish","type":"page","link":"https:\/\/maliyo.thelearnyway.com\/tr\/about\/","title":{"rendered":"Hakk\u0131m\u0131zda"},"content":{"rendered":"<div data-elementor-type=\"wp-page\" data-elementor-id=\"874\" class=\"elementor elementor-874\">\n\t\t\t\t<div data-particle_enable=\"false\" data-particle-mobile-disabled=\"false\" class=\"elementor-element elementor-element-19b8c8c e-flex e-con-boxed wpr-particle-no wpr-jarallax-no wpr-parallax-no wpr-sticky-section-no wpr-equal-height-no e-con e-parent\" data-id=\"19b8c8c\" data-element_type=\"container\" data-e-type=\"container\" data-settings=\"{&quot;background_background&quot;:&quot;classic&quot;}\">\n\t\t\t\t\t<div class=\"e-con-inner\">\n\t\t<div data-particle_enable=\"false\" data-particle-mobile-disabled=\"false\" class=\"elementor-element elementor-element-372848a e-con-full e-flex wpr-particle-no wpr-jarallax-no wpr-parallax-no wpr-sticky-section-no wpr-equal-height-no e-con e-child\" data-id=\"372848a\" data-element_type=\"container\" data-e-type=\"container\">\n\t\t\t\t<div class=\"elementor-element elementor-element-0ccf104 elementor-widget elementor-widget-heading\" data-id=\"0ccf104\" data-element_type=\"widget\" data-e-type=\"widget\" data-widget_type=\"heading.default\">\n\t\t\t\t<div class=\"elementor-widget-container\">\n\t\t\t\t\t<h1 class=\"elementor-heading-title elementor-size-default\">Hakk\u0131m\u0131zda<\/h1>\t\t\t\t<\/div>\n\t\t\t\t<\/div>\n\t\t\t\t<\/div>\n\t\t\t\t\t<\/div>\n\t\t\t\t<\/div>\n\t\t<div data-particle_enable=\"false\" data-particle-mobile-disabled=\"false\" class=\"elementor-element elementor-element-8338255 e-flex e-con-boxed wpr-particle-no wpr-jarallax-no wpr-parallax-no wpr-sticky-section-no wpr-equal-height-no e-con e-parent\" data-id=\"8338255\" data-element_type=\"container\" data-e-type=\"container\" data-settings=\"{&quot;background_background&quot;:&quot;classic&quot;}\">\n\t\t\t\t\t<div class=\"e-con-inner\">\n\t\t<div data-particle_enable=\"false\" data-particle-mobile-disabled=\"false\" class=\"elementor-element elementor-element-87eb59b e-con-full e-flex wpr-particle-no wpr-jarallax-no wpr-parallax-no wpr-sticky-section-no wpr-equal-height-no e-con e-child\" data-id=\"87eb59b\" data-element_type=\"container\" data-e-type=\"container\">\n\t\t\t\t<div class=\"elementor-element elementor-element-925cef2 elementor-widget elementor-widget-heading\" data-id=\"925cef2\" data-element_type=\"widget\" data-e-type=\"widget\" data-widget_type=\"heading.default\">\n\t\t\t\t<div class=\"elementor-widget-container\">\n\t\t\t\t\t<h3 class=\"elementor-heading-title elementor-size-default\">Tek Platform<\/h3>\t\t\t\t<\/div>\n\t\t\t\t<\/div>\n\t\t\t\t<div class=\"elementor-element elementor-element-012d882 elementor-widget elementor-widget-heading\" data-id=\"012d882\" data-element_type=\"widget\" data-e-type=\"widget\" data-widget_type=\"heading.default\">\n\t\t\t\t<div class=\"elementor-widget-container\">\n\t\t\t\t\t<h2 class=\"elementor-heading-title elementor-size-default\">Tam \u0130\u015fletme Kontrol\u00fc<\/h2>\t\t\t\t<\/div>\n\t\t\t\t<\/div>\n\t\t\t\t<div class=\"elementor-element elementor-element-35ebd54 elementor-widget elementor-widget-text-editor\" data-id=\"35ebd54\" data-element_type=\"widget\" data-e-type=\"widget\" data-widget_type=\"text-editor.default\">\n\t\t\t\t<div class=\"elementor-widget-container\">\n\t\t\t\t\t\t\t\t\t<p data-start=\"271\" data-end=\"603\">Maliyo ERP, i\u015fletmelerin operasyonlar\u0131n\u0131 sadele\u015ftirmelerine, finansal kontrol\u00fc sa\u011flamalar\u0131na ve g\u00fcvenle \u00f6l\u00e7eklenmelerine yard\u0131mc\u0131 olmak i\u00e7in tasarlanm\u0131\u015f kapsaml\u0131 bir kurumsal kaynak planlama \u00e7\u00f6z\u00fcm\u00fcd\u00fcr. Esnekli\u011fi merkezine alan Maliyo ERP, i\u015fletmeleri kat\u0131 ve genel sistemlere zorlamak yerine her organizasyonun kendine \u00f6zg\u00fc i\u015f ak\u0131\u015flar\u0131na uyum sa\u011flar.<\/p><p data-start=\"605\" data-end=\"958\">Finans, stok, sat\u0131\u015f, sat\u0131n alma, \u00fcretim ve raporlamay\u0131 tek ve ak\u0131ll\u0131 bir platform alt\u0131nda birle\u015ftiren entegre ERP ve i\u015f yaz\u0131l\u0131m\u0131 \u00e7\u00f6z\u00fcmleri geli\u015ftiriyoruz. Yakla\u015f\u0131m\u0131m\u0131z; operasyonel verimlilik, veri do\u011frulu\u011fu ve ger\u00e7ek zamanl\u0131 g\u00f6r\u00fcn\u00fcrl\u00fck \u00fczerine odaklanarak, t\u00fcm departmanlarda karar vericilere eyleme d\u00f6n\u00fc\u015ft\u00fcr\u00fclebilir i\u00e7g\u00f6r\u00fcler sunar.<\/p><p data-start=\"960\" data-end=\"1275\">Maliyo ERP, kurumsal yaz\u0131l\u0131mlar, muhasebe sistemleri ve karma\u015f\u0131k i\u015f operasyonlar\u0131 konusunda derin uzmanl\u0131\u011fa sahip deneyimli bir ekip taraf\u0131ndan geli\u015ftirilmektedir. Teknik m\u00fckemmeliyeti, ger\u00e7ek d\u00fcnyadaki i\u015f zorluklar\u0131n\u0131 g\u00fc\u00e7l\u00fc bir anlay\u0131\u015fla birle\u015ftirerek g\u00fcvenilir, g\u00fcvenli ve \u00f6l\u00e7eklenebilir \u00e7\u00f6z\u00fcmler sunuyoruz.<\/p><p data-start=\"1277\" data-end=\"1533\">Sistemlerimiz mod\u00fcler bir yap\u0131ya sahiptir; bu sayede kurumlar temel fonksiyonlarla ba\u015flayabilir ve ihtiya\u00e7lar\u0131 geli\u015ftik\u00e7e sistemlerini sorunsuz bir \u015fekilde geni\u015fletebilir. K\u00fc\u00e7\u00fck ve orta \u00f6l\u00e7ekli i\u015fletmelerden b\u00fcy\u00fck \u00f6l\u00e7ekli operasyonlara kadar, Maliyo ERP b\u00fcy\u00fcmeyi kesintiye u\u011fratmadan destekler.<\/p><p data-start=\"1535\" data-end=\"1787\">G\u00fcvenlik, mevzuata uyum ve performans, geli\u015ftirme felsefemizin temel ta\u015flar\u0131d\u0131r. Maliyo ERP, sekt\u00f6r\u00fcn en iyi uygulamalar\u0131 do\u011frultusunda geli\u015ftirilmi\u015f olup g\u00fc\u00e7l\u00fc veri korumas\u0131, rol bazl\u0131 yetkilendirme ve \u00fc\u00e7\u00fcnc\u00fc taraf platformlarla sorunsuz entegrasyon sa\u011flar.<\/p><p data-start=\"1789\" data-end=\"1986\">Maliyo ERP olarak misyonumuz; karma\u015f\u0131kl\u0131\u011f\u0131 sadele\u015ftirmek, verimlili\u011fi art\u0131rmak ve i\u015fletmelere rekabet\u00e7i k\u00fcresel pazarda etkin \u015fekilde faaliyet g\u00f6sterebilmeleri i\u00e7in ihtiya\u00e7 duyduklar\u0131 teknolojik altyap\u0131y\u0131 sunmakt\u0131r.<\/p>\t\t\t\t\t\t\t\t<\/div>\n\t\t\t\t<\/div>\n\t\t\t\t<div class=\"elementor-element elementor-element-d455eb2 elementor-widget elementor-widget-button\" data-id=\"d455eb2\" data-element_type=\"widget\" data-e-type=\"widget\" data-widget_type=\"button.default\">\n\t\t\t\t<div class=\"elementor-widget-container\">\n\t\t\t\t\t\t\t\t\t<div class=\"elementor-button-wrapper\">\n\t\t\t\t\t<a class=\"elementor-button elementor-button-link elementor-size-sm\" href=\"\/tr\/services\/\">\n\t\t\t\t\t\t<span class=\"elementor-button-content-wrapper\">\n\t\t\t\t\t\t\t\t\t<span class=\"elementor-button-text\">Hizmetlerimiz<\/span>\n\t\t\t\t\t<\/span>\n\t\t\t\t\t<\/a>\n\t\t\t\t<\/div>\n\t\t\t\t\t\t\t\t<\/div>\n\t\t\t\t<\/div>\n\t\t\t\t<\/div>\n\t\t<div data-particle_enable=\"false\" data-particle-mobile-disabled=\"false\" class=\"elementor-element elementor-element-120c976 e-con-full e-flex wpr-particle-no wpr-jarallax-no wpr-parallax-no wpr-sticky-section-no wpr-equal-height-no e-con e-child\" data-id=\"120c976\" data-element_type=\"container\" data-e-type=\"container\">\n\t\t\t\t<div class=\"elementor-element elementor-element-945c26a elementor-view-stacked elementor-position-inline-start elementor-widget-tablet__width-initial elementor-shape-circle elementor-mobile-position-block-start elementor-widget elementor-widget-icon-box\" data-id=\"945c26a\" data-element_type=\"widget\" data-e-type=\"widget\" data-widget_type=\"icon-box.default\">\n\t\t\t\t<div class=\"elementor-widget-container\">\n\t\t\t\t\t\t\t<div class=\"elementor-icon-box-wrapper\">\n\n\t\t\t\t\t\t<div class=\"elementor-icon-box-icon\">\n\t\t\t\t<span  class=\"elementor-icon\">\n\t\t\t\t<i aria-hidden=\"true\" class=\"far fa-building\"><\/i>\t\t\t\t<\/span>\n\t\t\t<\/div>\n\t\t\t\n\t\t\t\t\t\t<div class=\"elementor-icon-box-content\">\n\n\t\t\t\t\t\t\t\t\t<h3 class=\"elementor-icon-box-title\">\n\t\t\t\t\t\t<span  >\n\t\t\t\t\t\t\tMod\u00fcler ve \u00d6l\u00e7eklenebilir Mimari\t\t\t\t\t\t<\/span>\n\t\t\t\t\t<\/h3>\n\t\t\t\t\n\t\t\t\t\t\t\t\t\t<p class=\"elementor-icon-box-description\">\n\t\t\t\t\t\tMaliyo ERP, i\u015fletmelerin temel \u00f6zelliklerle ba\u015flamas\u0131na ve operasyonlar b\u00fcy\u00fcd\u00fck\u00e7e sorunsuz bir \u015fekilde geni\u015flemesine olanak tan\u0131yan mod\u00fcler bir yap\u0131yla geli\u015ftirilmi\u015ftir.\t\t\t\t\t<\/p>\n\t\t\t\t\n\t\t\t<\/div>\n\t\t\t\n\t\t<\/div>\n\t\t\t\t\t\t<\/div>\n\t\t\t\t<\/div>\n\t\t\t\t<div class=\"elementor-element elementor-element-cbcbfbc elementor-view-stacked elementor-position-inline-start elementor-widget-tablet__width-initial elementor-shape-circle elementor-mobile-position-block-start elementor-widget elementor-widget-icon-box\" data-id=\"cbcbfbc\" data-element_type=\"widget\" data-e-type=\"widget\" data-widget_type=\"icon-box.default\">\n\t\t\t\t<div class=\"elementor-widget-container\">\n\t\t\t\t\t\t\t<div class=\"elementor-icon-box-wrapper\">\n\n\t\t\t\t\t\t<div class=\"elementor-icon-box-icon\">\n\t\t\t\t<span  class=\"elementor-icon\">\n\t\t\t\t<i aria-hidden=\"true\" class=\"fas fa-landmark\"><\/i>\t\t\t\t<\/span>\n\t\t\t<\/div>\n\t\t\t\n\t\t\t\t\t\t<div class=\"elementor-icon-box-content\">\n\n\t\t\t\t\t\t\t\t\t<h3 class=\"elementor-icon-box-title\">\n\t\t\t\t\t\t<span  >\n\t\t\t\t\t\t\tSekt\u00f6r Odakl\u0131 Tasar\u0131m\t\t\t\t\t\t<\/span>\n\t\t\t\t\t<\/h3>\n\t\t\t\t\n\t\t\t\t\t\t\t\t\t<p class=\"elementor-icon-box-description\">\n\t\t\t\t\t\t\u00c7\u00f6z\u00fcmlerimiz ger\u00e7ek i\u015f s\u00fcre\u00e7leriyle \u015fekillendirilir ve her mod\u00fcl\u00fcn operasyonel, finansal ve d\u00fczenleyici gereksinimlere uygun olmas\u0131n\u0131 sa\u011flar.\t\t\t\t\t<\/p>\n\t\t\t\t\n\t\t\t<\/div>\n\t\t\t\n\t\t<\/div>\n\t\t\t\t\t\t<\/div>\n\t\t\t\t<\/div>\n\t\t\t\t<div class=\"elementor-element elementor-element-64469c7 elementor-view-stacked elementor-position-inline-start elementor-widget-tablet__width-initial elementor-shape-circle elementor-mobile-position-block-start elementor-widget elementor-widget-icon-box\" data-id=\"64469c7\" data-element_type=\"widget\" data-e-type=\"widget\" data-widget_type=\"icon-box.default\">\n\t\t\t\t<div class=\"elementor-widget-container\">\n\t\t\t\t\t\t\t<div class=\"elementor-icon-box-wrapper\">\n\n\t\t\t\t\t\t<div class=\"elementor-icon-box-icon\">\n\t\t\t\t<span  class=\"elementor-icon\">\n\t\t\t\t<i aria-hidden=\"true\" class=\"fas fa-house-user\"><\/i>\t\t\t\t<\/span>\n\t\t\t<\/div>\n\t\t\t\n\t\t\t\t\t\t<div class=\"elementor-icon-box-content\">\n\n\t\t\t\t\t\t\t\t\t<h3 class=\"elementor-icon-box-title\">\n\t\t\t\t\t\t<span  >\n\t\t\t\t\t\t\t\u00d6l\u00e7\u00fclebilir \u0130\u015f Etkisi\t\t\t\t\t\t<\/span>\n\t\t\t\t\t<\/h3>\n\t\t\t\t\n\t\t\t\t\t\t\t\t\t<p class=\"elementor-icon-box-description\">\n\t\t\t\t\t\tMaliyo ERP, maliyet azaltmadan geli\u015ftirilmi\u015f karar almaya kadar otomasyon, do\u011fruluk ve ger\u00e7ek zamanl\u0131 g\u00f6r\u00fcn\u00fcrl\u00fck arac\u0131l\u0131\u011f\u0131yla somut sonu\u00e7lar sunar.\t\t\t\t\t<\/p>\n\t\t\t\t\n\t\t\t<\/div>\n\t\t\t\n\t\t<\/div>\n\t\t\t\t\t\t<\/div>\n\t\t\t\t<\/div>\n\t\t\t\t<\/div>\n\t\t\t\t\t<\/div>\n\t\t\t\t<\/div>\n\t\t\t\t<\/div>","protected":false},"excerpt":{"rendered":"<p>About Us One Platform Total Business Control Maliyo ERP is a comprehensive enterprise resource planning solution designed to help businesses streamline operations, maintain financial control, and scale with confidence. Built with flexibility at its core, Maliyo ERP adapts to the unique workflows of each organization rather than forcing businesses into rigid, generic systems. We specialize in developing integrated ERP and business software solutions that unify finance, inventory, sales, procurement, production, and reporting under a single, intelligent platform. Our approach focuses on operational efficiency, data accuracy, and real-time visibility\u2014empowering decision-makers with actionable insights across all departments. Maliyo ERP is developed by a team of experienced professionals with deep expertise in enterprise software, accounting systems, and complex business operations. We combine technical excellence with a strong understanding of real-world business challenges to deliver solutions that are reliable, secure, and scalable. Our systems are modular by design, allowing organizations to start with essential functionalities and expand as their needs evolve. Whether serving small and medium-sized enterprises or large-scale operations, Maliyo ERP supports growth without disruption. Security, compliance, and performance are fundamental to our development philosophy. Maliyo ERP is built following industry best practices, ensuring robust data protection, role-based access control, and seamless integration with third-party platforms. At Maliyo ERP, our mission is to simplify complexity, enhance productivity, and provide businesses with the technological foundation they need to operate efficiently in a competitive global market. Our Services Modular &amp; Scalable Architecture Maliyo ERP is built with a modular structure that allows businesses to start with essential features and expand seamlessly as operations grow. Industry-Driven Design Our solutions are shaped by real business processes, ensuring every module aligns with operational, financial, and regulatory requirements. Measurable Business Impact From cost reduction to improved decision-making, Maliyo ERP delivers tangible results through automation, accuracy, and real-time visibility.<\/p>","protected":false},"author":1,"featured_media":0,"parent":0,"menu_order":0,"comment_status":"closed","ping_status":"closed","template":"","meta":{"site-sidebar-layout":"no-sidebar","site-content-layout":"page-builder","ast-site-content-layout":"default","site-content-style":"default","site-sidebar-style":"default","ast-global-header-display":"","ast-banner-title-visibility":"","ast-main-header-display":"","ast-hfb-above-header-display":"","ast-hfb-below-header-display":"","ast-hfb-mobile-header-display":"","site-post-title":"disabled","ast-breadcrumbs-content":"disabled","ast-featured-img":"disabled","footer-sml-layout":"","ast-disable-related-posts":"","theme-transparent-header-meta":"enabled","adv-header-id-meta":"","stick-header-meta":"","header-above-stick-meta":"","header-main-stick-meta":"","header-below-stick-meta":"","astra-migrate-meta-layouts":"default","ast-page-background-enabled":"default","ast-page-background-meta":{"desktop":{"background-color":"var(--ast-global-color-4)","background-image":"","background-repeat":"repeat","background-position":"center center","background-size":"auto","background-attachment":"scroll","background-type":"","background-media":"","overlay-type":"","overlay-color":"","overlay-opacity":"","overlay-gradient":""},"tablet":{"background-color":"","background-image":"","background-repeat":"repeat","background-position":"center center","background-size":"auto","background-attachment":"scroll","background-type":"","background-media":"","overlay-type":"","overlay-color":"","overlay-opacity":"","overlay-gradient":""},"mobile":{"background-color":"","background-image":"","background-repeat":"repeat","background-position":"center center","background-size":"auto","background-attachment":"scroll","background-type":"","background-media":"","overlay-type":"","overlay-color":"","overlay-opacity":"","overlay-gradient":""}},"ast-content-background-meta":{"desktop":{"background-color":"var(--ast-global-color-5)","background-image":"","background-repeat":"repeat","background-position":"center center","background-size":"auto","background-attachment":"scroll","background-type":"","background-media":"","overlay-type":"","overlay-color":"","overlay-opacity":"","overlay-gradient":""},"tablet":{"background-color":"var(--ast-global-color-5)","background-image":"","background-repeat":"repeat","background-position":"center center","background-size":"auto","background-attachment":"scroll","background-type":"","background-media":"","overlay-type":"","overlay-color":"","overlay-opacity":"","overlay-gradient":""},"mobile":{"background-color":"var(--ast-global-color-5)","background-image":"","background-repeat":"repeat","background-position":"center center","background-size":"auto","background-attachment":"scroll","background-type":"","background-media":"","overlay-type":"","overlay-color":"","overlay-opacity":"","overlay-gradient":""}},"footnotes":""},"class_list":["post-874","page","type-page","status-publish","hentry"],"_links":{"self":[{"href":"https:\/\/maliyo.thelearnyway.com\/tr\/wp-json\/wp\/v2\/pages\/874","targetHints":{"allow":["GET"]}}],"collection":[{"href":"https:\/\/maliyo.thelearnyway.com\/tr\/wp-json\/wp\/v2\/pages"}],"about":[{"href":"https:\/\/maliyo.thelearnyway.com\/tr\/wp-json\/wp\/v2\/types\/page"}],"author":[{"embeddable":true,"href":"https:\/\/maliyo.thelearnyway.com\/tr\/wp-json\/wp\/v2\/users\/1"}],"replies":[{"embeddable":true,"href":"https:\/\/maliyo.thelearnyway.com\/tr\/wp-json\/wp\/v2\/comments?post=874"}],"version-history":[{"count":18,"href":"https:\/\/maliyo.thelearnyway.com\/tr\/wp-json\/wp\/v2\/pages\/874\/revisions"}],"predecessor-version":[{"id":2101,"href":"https:\/\/maliyo.thelearnyway.com\/tr\/wp-json\/wp\/v2\/pages\/874\/revisions\/2101"}],"wp:attachment":[{"href":"https:\/\/maliyo.thelearnyway.com\/tr\/wp-json\/wp\/v2\/media?parent=874"}],"curies":[{"name":"wp","href":"https:\/\/api.w.org\/{rel}","templated":true}]}}